{"id":1175,"date":"2024-01-24T12:00:21","date_gmt":"2024-01-24T12:00:21","guid":{"rendered":"https:\/\/findyourmagic.se\/?page_id=1175"},"modified":"2025-08-07T06:00:12","modified_gmt":"2025-08-07T06:00:12","slug":"free-stuff","status":"publish","type":"page","link":"https:\/\/findyourmagic.se\/?page_id=1175","title":{"rendered":"Free stuff"},"content":{"rendered":"\t\t<div data-elementor-type=\"wp-page\" data-elementor-id=\"1175\" class=\"elementor elementor-1175\" data-elementor-post-type=\"page\">\n\t\t\t\t\t\t<section class=\"elementor-section elementor-top-section elementor-element elementor-element-c0f2a19 elementor-section-boxed elementor-section-height-default elementor-section-height-default\" data-id=\"c0f2a19\" data-element_type=\"section\" data-settings=\"{&quot;background_background&quot;:&quot;classic&quot;}\">\n\t\t\t\t\t\t<div class=\"elementor-container elementor-column-gap-default\">\n\t\t\t\t\t<div class=\"elementor-column elementor-col-100 elementor-top-column elementor-element elementor-element-99a46af\" data-id=\"99a46af\" data-element_type=\"column\">\n\t\t\t<div class=\"elementor-widget-wrap elementor-element-populated\">\n\t\t\t\t\t\t<div class=\"elementor-element elementor-element-89f0a5e elementor-widget elementor-widget-spacer\" data-id=\"89f0a5e\" data-element_type=\"widget\" data-widget_type=\"spacer.default\">\n\t\t\t\t<div class=\"elementor-widget-container\">\n\t\t\t\t\t\t\t<div class=\"elementor-spacer\">\n\t\t\t<div class=\"elementor-spacer-inner\"><\/div>\n\t\t<\/div>\n\t\t\t\t\t\t<\/div>\n\t\t\t\t<\/div>\n\t\t\t\t<div class=\"elementor-element elementor-element-91f4eb9 elementor-widget elementor-widget-heading\" data-id=\"91f4eb9\" data-element_type=\"widget\" data-widget_type=\"heading.default\">\n\t\t\t\t<div class=\"elementor-widget-container\">\n\t\t\t\t\t<h1 class=\"elementor-heading-title elementor-size-default\">Stanna upp. Kom hem.<\/h1>\t\t\t\t<\/div>\n\t\t\t\t<\/div>\n\t\t\t\t<div class=\"elementor-element elementor-element-30b37b9 elementor-widget elementor-widget-text-editor\" data-id=\"30b37b9\" data-element_type=\"widget\" data-widget_type=\"text-editor.default\">\n\t\t\t\t<div class=\"elementor-widget-container\">\n\t\t\t\t\t\t\t\t\t<p data-pm-slice=\"1 1 []\">H\u00e4r finns meditationer som \u00e4r skapade f\u00f6r dig som vill landa i kroppen, stilla tankarna och \u00f6ppna ett f\u00f6nster mot det du innerst inne vet.<\/p><p>Lyssna n\u00e4r du har en stund f\u00f6r dig sj\u00e4lv. Eller n\u00e4r du egentligen inte har det \u2013 men beh\u00f6ver det \u00e4nd\u00e5. Det finns flera olika meditationer och du kan hitta \u00e4nnu fler p\u00e5 Spotify, d\u00e4r Find your magic ocks\u00e5 finns. Se nedan.<\/p><p>G\u00e5 med i Facebook-gruppen eller lyssna en stund p\u00e5 magiska Sassaia. <br \/>Anm\u00e4l dig till Magic Mondays-mailet f\u00f6r att starta dina veckor med magi.<br \/>Testa ett guidat kvanthopp och upplev hur det \u00e4r att leva ditt dr\u00f6mliv.<\/p><p>Allt helt kostnadsfritt!<\/p>\t\t\t\t\t\t\t\t<\/div>\n\t\t\t\t<\/div>\n\t\t<div class=\"elementor-element elementor-element-69e98bd e-grid e-con-boxed e-con e-parent\" data-id=\"69e98bd\" data-element_type=\"container\">\n\t\t\t\t\t<div class=\"e-con-inner\">\n\t\t\t\t<div class=\"elementor-element elementor-element-d771bf7 min-lankrubrik mix-align elementor-position-top elementor-invisible elementor-widget elementor-widget-image-box\" data-id=\"d771bf7\" data-element_type=\"widget\" data-settings=\"{&quot;_animation&quot;:&quot;zoomIn&quot;}\" data-widget_type=\"image-box.default\">\n\t\t\t\t<div class=\"elementor-widget-container\">\n\t\t\t\t\t<div class=\"elementor-image-box-wrapper\"><figure class=\"elementor-image-box-img\"><a href=\"https:\/\/findyourmagic.se\/?page_id=1033\" tabindex=\"-1\"><img decoding=\"async\" width=\"150\" height=\"150\" src=\"https:\/\/findyourmagic.se\/wp-content\/uploads\/2024\/01\/IMG_1644-150x150.png\" class=\"attachment-thumbnail size-thumbnail wp-image-1178\" alt=\"\" \/><\/a><\/figure><div class=\"elementor-image-box-content\"><h3 class=\"elementor-image-box-title\"><a href=\"https:\/\/findyourmagic.se\/?page_id=1033\">Inner child meditation<\/a><\/h3><p class=\"elementor-image-box-description\">En kraftfull \u00f6vning som tar dig p\u00e5 en resa till ditt inre barn, d\u00e4r du hittar din sanna inre styrka, skapar en power affirmation och tar dig f\u00f6rbi begr\u00e4nsningar som funnits sen din barndom. Avs\u00e4tt tid!<\/p><\/div><\/div>\t\t\t\t<\/div>\n\t\t\t\t<\/div>\n\t\t\t\t<div class=\"elementor-element elementor-element-559d6f7 min-lankrubrik mix-align elementor-position-top elementor-invisible elementor-widget elementor-widget-image-box\" data-id=\"559d6f7\" data-element_type=\"widget\" data-settings=\"{&quot;_animation&quot;:&quot;zoomIn&quot;}\" data-widget_type=\"image-box.default\">\n\t\t\t\t<div class=\"elementor-widget-container\">\n\t\t\t\t\t<div class=\"elementor-image-box-wrapper\"><figure class=\"elementor-image-box-img\"><a href=\"https:\/\/findyourmagic.se\/?page_id=1225\" tabindex=\"-1\"><img decoding=\"async\" width=\"150\" height=\"150\" src=\"https:\/\/findyourmagic.se\/wp-content\/uploads\/2024\/01\/IMG_0962-150x150.png\" class=\"attachment-thumbnail size-thumbnail wp-image-1185\" alt=\"\" \/><\/a><\/figure><div class=\"elementor-image-box-content\"><h3 class=\"elementor-image-box-title\"><a href=\"https:\/\/findyourmagic.se\/?page_id=1225\">Magic morning meditation<\/a><\/h3><p class=\"elementor-image-box-description\">En meditation som skapar kraftfulla energier och f\u00f6rs\u00e4tter dig i r\u00e4tt vibrationer f\u00f6r att skapa en underbar dag och vars syfte \u00e4r att ta dig till ditt dr\u00f6mliv.\n<\/p><\/div><\/div>\t\t\t\t<\/div>\n\t\t\t\t<\/div>\n\t\t\t\t<div class=\"elementor-element elementor-element-9c6b409 min-lankrubrik mix-align elementor-position-top elementor-invisible elementor-widget elementor-widget-image-box\" data-id=\"9c6b409\" data-element_type=\"widget\" data-settings=\"{&quot;_animation&quot;:&quot;zoomIn&quot;}\" data-widget_type=\"image-box.default\">\n\t\t\t\t<div class=\"elementor-widget-container\">\n\t\t\t\t\t<div class=\"elementor-image-box-wrapper\"><figure class=\"elementor-image-box-img\"><a href=\"https:\/\/open.spotify.com\/artist\/0XXlLpp8As7PR1qqMniOUn?si=pXApDPxqSP2vFv0BoOrVSA\" tabindex=\"-1\"><img decoding=\"async\" width=\"150\" height=\"150\" src=\"https:\/\/findyourmagic.se\/wp-content\/uploads\/2025\/06\/findyourmagic-vit-bakgrund-logga-150x150.png\" class=\"attachment-thumbnail size-thumbnail wp-image-6265\" alt=\"inre resa transformation soulbiz\" \/><\/a><\/figure><div class=\"elementor-image-box-content\"><h3 class=\"elementor-image-box-title\"><a href=\"https:\/\/open.spotify.com\/artist\/0XXlLpp8As7PR1qqMniOUn?si=pXApDPxqSP2vFv0BoOrVSA\">Sassaia p\u00e5 Spotify<\/a><\/h3><p class=\"elementor-image-box-description\">Sassaia v\u00e4ver ljudv\u00e4rldar f\u00f6r ceremoni, fl\u00f6de och stillhet. Hennes r\u00f6st helar, hennes musik \u00f6ppnar portar till det osedda. Hon \u00e4r rotad i det feminina \u2013 och v\u00e4gledd av det mystiska.<\/p><\/div><\/div>\t\t\t\t<\/div>\n\t\t\t\t<\/div>\n\t\t\t\t<div class=\"elementor-element elementor-element-c9385ae min-lankrubrik mix-align elementor-position-top elementor-invisible elementor-widget elementor-widget-image-box\" data-id=\"c9385ae\" data-element_type=\"widget\" data-settings=\"{&quot;_animation&quot;:&quot;zoomIn&quot;}\" data-widget_type=\"image-box.default\">\n\t\t\t\t<div class=\"elementor-widget-container\">\n\t\t\t\t\t<div class=\"elementor-image-box-wrapper\"><figure class=\"elementor-image-box-img\"><a href=\"https:\/\/findyourmagic.se\/?page_id=5109\" tabindex=\"-1\"><img loading=\"lazy\" decoding=\"async\" width=\"150\" height=\"150\" src=\"https:\/\/findyourmagic.se\/wp-content\/uploads\/2024\/04\/IMG_6582-150x150.jpeg\" class=\"attachment-thumbnail size-thumbnail wp-image-5119\" alt=\"\" \/><\/a><\/figure><div class=\"elementor-image-box-content\"><h3 class=\"elementor-image-box-title\"><a href=\"https:\/\/findyourmagic.se\/?page_id=5109\">Magic sleep meditation<\/a><\/h3><p class=\"elementor-image-box-description\">En guidad meditation f\u00f6r dig som har sv\u00e5rt att sova eller som vill ha hj\u00e4lp att komma in i en riktigt djup avslappning.<\/p><\/div><\/div>\t\t\t\t<\/div>\n\t\t\t\t<\/div>\n\t\t\t\t<div class=\"elementor-element elementor-element-2b8117e min-lankrubrik mix-align elementor-position-top elementor-invisible elementor-widget elementor-widget-image-box\" data-id=\"2b8117e\" data-element_type=\"widget\" data-settings=\"{&quot;_animation&quot;:&quot;zoomIn&quot;}\" data-widget_type=\"image-box.default\">\n\t\t\t\t<div class=\"elementor-widget-container\">\n\t\t\t\t\t<div class=\"elementor-image-box-wrapper\"><figure class=\"elementor-image-box-img\"><a href=\"https:\/\/findyourmagic.se\/?page_id=4506\" tabindex=\"-1\"><img loading=\"lazy\" decoding=\"async\" width=\"150\" height=\"150\" src=\"https:\/\/findyourmagic.se\/wp-content\/uploads\/2024\/03\/Dreamlife-logo-transparent-2-150x150.png\" class=\"attachment-thumbnail size-thumbnail wp-image-4936\" alt=\"\" srcset=\"https:\/\/findyourmagic.se\/wp-content\/uploads\/2024\/03\/Dreamlife-logo-transparent-2-150x150.png 150w, https:\/\/findyourmagic.se\/wp-content\/uploads\/2024\/03\/Dreamlife-logo-transparent-2-300x300.png 300w, https:\/\/findyourmagic.se\/wp-content\/uploads\/2024\/03\/Dreamlife-logo-transparent-2-1024x1024.png 1024w, https:\/\/findyourmagic.se\/wp-content\/uploads\/2024\/03\/Dreamlife-logo-transparent-2-768x768.png 768w, https:\/\/findyourmagic.se\/wp-content\/uploads\/2024\/03\/Dreamlife-logo-transparent-2.png 1080w\" sizes=\"(max-width: 150px) 100vw, 150px\" \/><\/a><\/figure><div class=\"elementor-image-box-content\"><h3 class=\"elementor-image-box-title\"><a href=\"https:\/\/findyourmagic.se\/?page_id=4506\">Quantum jump Dreamlife<\/a><\/h3><p class=\"elementor-image-box-description\">Prova p\u00e5 att g\u00f6ra ett inspelat guidat Quantum jump. Du f\u00e5 prova p\u00e5 att g\u00f6ra ett kvanthopp i en guidad meditation som tar dig till ditt dr\u00f6mliv.<\/p><\/div><\/div>\t\t\t\t<\/div>\n\t\t\t\t<\/div>\n\t\t\t\t<div class=\"elementor-element elementor-element-52fcc37 min-lankrubrik mix-align elementor-position-top elementor-invisible elementor-widget elementor-widget-image-box\" data-id=\"52fcc37\" data-element_type=\"widget\" data-settings=\"{&quot;_animation&quot;:&quot;zoomIn&quot;}\" data-widget_type=\"image-box.default\">\n\t\t\t\t<div class=\"elementor-widget-container\">\n\t\t\t\t\t<div class=\"elementor-image-box-wrapper\"><figure class=\"elementor-image-box-img\"><a href=\"https:\/\/www.facebook.com\/groups\/592518505434853\" tabindex=\"-1\"><img loading=\"lazy\" decoding=\"async\" width=\"150\" height=\"150\" src=\"https:\/\/findyourmagic.se\/wp-content\/uploads\/2025\/06\/Find-your-magic-logga-TM-trans-150x150.png\" class=\"attachment-thumbnail size-thumbnail wp-image-6261\" alt=\"sj\u00e4lvledarskap f\u00f6r kvinnor\" srcset=\"https:\/\/findyourmagic.se\/wp-content\/uploads\/2025\/06\/Find-your-magic-logga-TM-trans-150x150.png 150w, https:\/\/findyourmagic.se\/wp-content\/uploads\/2025\/06\/Find-your-magic-logga-TM-trans-300x300.png 300w, https:\/\/findyourmagic.se\/wp-content\/uploads\/2025\/06\/Find-your-magic-logga-TM-trans-1024x1024.png 1024w, https:\/\/findyourmagic.se\/wp-content\/uploads\/2025\/06\/Find-your-magic-logga-TM-trans-768x768.png 768w, https:\/\/findyourmagic.se\/wp-content\/uploads\/2025\/06\/Find-your-magic-logga-TM-trans.png 1400w\" sizes=\"(max-width: 150px) 100vw, 150px\" \/><\/a><\/figure><div class=\"elementor-image-box-content\"><h3 class=\"elementor-image-box-title\"><a href=\"https:\/\/www.facebook.com\/groups\/592518505434853\">Find your magic Facebook group<\/a><\/h3><p class=\"elementor-image-box-description\">Vill du h\u00e4nga med likasinnade och vara med bland de som f\u00f6rst f\u00e5r ta del av nytt material och erbjudanden? G\u00e5 med i Find your magic's FB-grupp p\u00e5 direkten! \ud83d\ude42<\/p><\/div><\/div>\t\t\t\t<\/div>\n\t\t\t\t<\/div>\n\t\t\t\t<div class=\"elementor-element elementor-element-637ec50 min-lankrubrik mix-align elementor-position-top elementor-invisible elementor-widget elementor-widget-image-box\" data-id=\"637ec50\" data-element_type=\"widget\" data-settings=\"{&quot;_animation&quot;:&quot;zoomIn&quot;}\" data-widget_type=\"image-box.default\">\n\t\t\t\t<div class=\"elementor-widget-container\">\n\t\t\t\t\t<div class=\"elementor-image-box-wrapper\"><figure class=\"elementor-image-box-img\"><a href=\"https:\/\/findyourmagic.se\/?page_id=6064\" tabindex=\"-1\"><img loading=\"lazy\" decoding=\"async\" width=\"700\" height=\"400\" src=\"https:\/\/findyourmagic.se\/wp-content\/uploads\/2025\/06\/findyourmagic-vit-bakgrund-logga.png\" class=\"attachment-full size-full wp-image-6265\" alt=\"inre resa transformation soulbiz\" srcset=\"https:\/\/findyourmagic.se\/wp-content\/uploads\/2025\/06\/findyourmagic-vit-bakgrund-logga.png 700w, https:\/\/findyourmagic.se\/wp-content\/uploads\/2025\/06\/findyourmagic-vit-bakgrund-logga-300x171.png 300w\" sizes=\"(max-width: 700px) 100vw, 700px\" \/><\/a><\/figure><div class=\"elementor-image-box-content\"><h3 class=\"elementor-image-box-title\"><a href=\"https:\/\/findyourmagic.se\/?page_id=6064\">Magic Mondays<\/a><\/h3><p class=\"elementor-image-box-description\">Ett kostnadsfritt mail f\u00f6r att komma ig\u00e5ng med din vecka p\u00e5 det mest magiska vis. Anm\u00e4l dig direkt!\nF\u00f6r dig som vill leva med mod, klarhet och magi!<\/p><\/div><\/div>\t\t\t\t<\/div>\n\t\t\t\t<\/div>\n\t\t\t\t<div class=\"elementor-element elementor-element-32b8d00 min-lankrubrik mix-align elementor-position-top elementor-invisible elementor-widget elementor-widget-image-box\" data-id=\"32b8d00\" data-element_type=\"widget\" data-settings=\"{&quot;_animation&quot;:&quot;zoomIn&quot;}\" data-widget_type=\"image-box.default\">\n\t\t\t\t<div class=\"elementor-widget-container\">\n\t\t\t\t\t<div class=\"elementor-image-box-wrapper\"><figure class=\"elementor-image-box-img\"><a href=\"https:\/\/open.spotify.com\/show\/41U7Oishqb1fkMzHG8sN8a?si=f2e2e9f584ef4b78\" tabindex=\"-1\"><img loading=\"lazy\" decoding=\"async\" width=\"1400\" height=\"1400\" src=\"https:\/\/findyourmagic.se\/wp-content\/uploads\/2025\/06\/Find-your-magic-logga-TM-trans.png\" class=\"attachment-full size-full wp-image-6261\" alt=\"sj\u00e4lvledarskap f\u00f6r kvinnor\" srcset=\"https:\/\/findyourmagic.se\/wp-content\/uploads\/2025\/06\/Find-your-magic-logga-TM-trans.png 1400w, https:\/\/findyourmagic.se\/wp-content\/uploads\/2025\/06\/Find-your-magic-logga-TM-trans-300x300.png 300w, https:\/\/findyourmagic.se\/wp-content\/uploads\/2025\/06\/Find-your-magic-logga-TM-trans-1024x1024.png 1024w, https:\/\/findyourmagic.se\/wp-content\/uploads\/2025\/06\/Find-your-magic-logga-TM-trans-150x150.png 150w, https:\/\/findyourmagic.se\/wp-content\/uploads\/2025\/06\/Find-your-magic-logga-TM-trans-768x768.png 768w\" sizes=\"(max-width: 1400px) 100vw, 1400px\" \/><\/a><\/figure><div class=\"elementor-image-box-content\"><h3 class=\"elementor-image-box-title\"><a href=\"https:\/\/open.spotify.com\/show\/41U7Oishqb1fkMzHG8sN8a?si=f2e2e9f584ef4b78\">Find your magic podd<\/a><\/h3><p class=\"elementor-image-box-description\">Nu podd varje torsdag kl. 12.00. \u00c4ven guidade meditationer, Quantum jumps, personlig utveckling och lite ur \"Boken om Emma\".<\/p><\/div><\/div>\t\t\t\t<\/div>\n\t\t\t\t<\/div>\n\t\t\t\t<div class=\"elementor-element elementor-element-0f1bd5b min-lankrubrik mix-align elementor-position-top elementor-invisible elementor-widget elementor-widget-image-box\" data-id=\"0f1bd5b\" data-element_type=\"widget\" data-settings=\"{&quot;_animation&quot;:&quot;zoomIn&quot;}\" data-widget_type=\"image-box.default\">\n\t\t\t\t<div class=\"elementor-widget-container\">\n\t\t\t\t\t<div class=\"elementor-image-box-wrapper\"><figure class=\"elementor-image-box-img\"><img loading=\"lazy\" decoding=\"async\" width=\"700\" height=\"400\" src=\"https:\/\/findyourmagic.se\/wp-content\/uploads\/2025\/06\/findyourmagic-vit-bakgrund-logga.png\" class=\"attachment-full size-full wp-image-6265\" alt=\"inre resa transformation soulbiz\" srcset=\"https:\/\/findyourmagic.se\/wp-content\/uploads\/2025\/06\/findyourmagic-vit-bakgrund-logga.png 700w, https:\/\/findyourmagic.se\/wp-content\/uploads\/2025\/06\/findyourmagic-vit-bakgrund-logga-300x171.png 300w\" sizes=\"(max-width: 700px) 100vw, 700px\" \/><\/figure><div class=\"elementor-image-box-content\"><h3 class=\"elementor-image-box-title\">Snart kommer mer!<\/h3><p class=\"elementor-image-box-description\">Gl\u00f6m inte att kika in d\u00e5 och d\u00e5 f\u00f6r att uppt\u00e4cka nyheter.<\/p><\/div><\/div>\t\t\t\t<\/div>\n\t\t\t\t<\/div>\n\t\t\t\t\t<\/div>\n\t\t\t\t<\/div>\n\t\t\t\t<div class=\"elementor-element elementor-element-831d91f elementor-widget elementor-widget-spacer\" data-id=\"831d91f\" data-element_type=\"widget\" data-widget_type=\"spacer.default\">\n\t\t\t\t<div class=\"elementor-widget-container\">\n\t\t\t\t\t\t\t<div class=\"elementor-spacer\">\n\t\t\t<div class=\"elementor-spacer-inner\"><\/div>\n\t\t<\/div>\n\t\t\t\t\t\t<\/div>\n\t\t\t\t<\/div>\n\t\t\t\t\t<\/div>\n\t\t<\/div>\n\t\t\t\t\t<\/div>\n\t\t<\/section>\n\t\t\t\t<\/div>\n\t\t","protected":false},"excerpt":{"rendered":"<p>Gratis guidade meditationer, webinar m.m.<\/p>\n","protected":false},"author":1,"featured_media":4841,"parent":0,"menu_order":0,"comment_status":"closed","ping_status":"closed","template":"","meta":{"footnotes":""},"class_list":["post-1175","page","type-page","status-publish","has-post-thumbnail","hentry"],"yoast_head":"<!-- This site is optimized with the Yoast SEO plugin v26.6 - https:\/\/yoast.com\/wordpress\/plugins\/seo\/ -->\n<title>Free stuff - Find your magic<\/title>\n<meta name=\"robots\" content=\"index, follow, max-snippet:-1, max-image-preview:large, max-video-preview:-1\" \/>\n<link rel=\"canonical\" href=\"https:\/\/findyourmagic.se\/?page_id=1175\" \/>\n<meta property=\"og:locale\" content=\"en_US\" \/>\n<meta property=\"og:type\" content=\"article\" \/>\n<meta property=\"og:title\" content=\"Free stuff - Find your magic\" \/>\n<meta property=\"og:description\" content=\"Gratis guidade meditationer, webinar m.m.\" \/>\n<meta property=\"og:url\" content=\"https:\/\/findyourmagic.se\/?page_id=1175\" \/>\n<meta property=\"og:site_name\" content=\"Find your magic\" \/>\n<meta property=\"article:publisher\" content=\"https:\/\/www.facebook.com\/kolmodins\" \/>\n<meta property=\"article:modified_time\" content=\"2025-08-07T06:00:12+00:00\" \/>\n<meta property=\"og:image\" content=\"https:\/\/findyourmagic.se\/wp-content\/uploads\/2024\/03\/Free-stuff-slide.png\" \/>\n\t<meta property=\"og:image:width\" content=\"490\" \/>\n\t<meta property=\"og:image:height\" content=\"380\" \/>\n\t<meta property=\"og:image:type\" content=\"image\/png\" \/>\n<meta name=\"twitter:card\" content=\"summary_large_image\" \/>\n<meta name=\"twitter:label1\" content=\"Est. reading time\" \/>\n\t<meta name=\"twitter:data1\" content=\"4 minutes\" \/>\n<script type=\"application\/ld+json\" class=\"yoast-schema-graph\">{\"@context\":\"https:\/\/schema.org\",\"@graph\":[{\"@type\":\"WebPage\",\"@id\":\"https:\/\/findyourmagic.se\/?page_id=1175\",\"url\":\"https:\/\/findyourmagic.se\/?page_id=1175\",\"name\":\"Free stuff - Find your magic\",\"isPartOf\":{\"@id\":\"https:\/\/findyourmagic.se\/#website\"},\"primaryImageOfPage\":{\"@id\":\"https:\/\/findyourmagic.se\/?page_id=1175#primaryimage\"},\"image\":{\"@id\":\"https:\/\/findyourmagic.se\/?page_id=1175#primaryimage\"},\"thumbnailUrl\":\"https:\/\/findyourmagic.se\/wp-content\/uploads\/2024\/03\/Free-stuff-slide.png\",\"datePublished\":\"2024-01-24T12:00:21+00:00\",\"dateModified\":\"2025-08-07T06:00:12+00:00\",\"breadcrumb\":{\"@id\":\"https:\/\/findyourmagic.se\/?page_id=1175#breadcrumb\"},\"inLanguage\":\"en-US\",\"potentialAction\":[{\"@type\":\"ReadAction\",\"target\":[\"https:\/\/findyourmagic.se\/?page_id=1175\"]}]},{\"@type\":\"ImageObject\",\"inLanguage\":\"en-US\",\"@id\":\"https:\/\/findyourmagic.se\/?page_id=1175#primaryimage\",\"url\":\"https:\/\/findyourmagic.se\/wp-content\/uploads\/2024\/03\/Free-stuff-slide.png\",\"contentUrl\":\"https:\/\/findyourmagic.se\/wp-content\/uploads\/2024\/03\/Free-stuff-slide.png\",\"width\":490,\"height\":380},{\"@type\":\"BreadcrumbList\",\"@id\":\"https:\/\/findyourmagic.se\/?page_id=1175#breadcrumb\",\"itemListElement\":[{\"@type\":\"ListItem\",\"position\":1,\"name\":\"Home\",\"item\":\"https:\/\/findyourmagic.se\/\"},{\"@type\":\"ListItem\",\"position\":2,\"name\":\"Free stuff\"}]},{\"@type\":\"WebSite\",\"@id\":\"https:\/\/findyourmagic.se\/#website\",\"url\":\"https:\/\/findyourmagic.se\/\",\"name\":\"Find your magic\",\"description\":\"Find your magic\",\"publisher\":{\"@id\":\"https:\/\/findyourmagic.se\/#organization\"},\"potentialAction\":[{\"@type\":\"SearchAction\",\"target\":{\"@type\":\"EntryPoint\",\"urlTemplate\":\"https:\/\/findyourmagic.se\/?s={search_term_string}\"},\"query-input\":{\"@type\":\"PropertyValueSpecification\",\"valueRequired\":true,\"valueName\":\"search_term_string\"}}],\"inLanguage\":\"en-US\"},{\"@type\":\"Organization\",\"@id\":\"https:\/\/findyourmagic.se\/#organization\",\"name\":\"Anna Kolmodin AB\",\"url\":\"https:\/\/findyourmagic.se\/\",\"logo\":{\"@type\":\"ImageObject\",\"inLanguage\":\"en-US\",\"@id\":\"https:\/\/findyourmagic.se\/#\/schema\/logo\/image\/\",\"url\":\"http:\/\/findyourmagic.se\/wp-content\/uploads\/2023\/09\/Find-your-magic-Facebook-inlagg-Liggande-3.png\",\"contentUrl\":\"http:\/\/findyourmagic.se\/wp-content\/uploads\/2023\/09\/Find-your-magic-Facebook-inlagg-Liggande-3.png\",\"width\":1200,\"height\":210,\"caption\":\"Anna Kolmodin AB\"},\"image\":{\"@id\":\"https:\/\/findyourmagic.se\/#\/schema\/logo\/image\/\"},\"sameAs\":[\"https:\/\/www.facebook.com\/kolmodins\"]}]}<\/script>\n<!-- \/ Yoast SEO plugin. -->","yoast_head_json":{"title":"Free stuff - Find your magic","robots":{"index":"index","follow":"follow","max-snippet":"max-snippet:-1","max-image-preview":"max-image-preview:large","max-video-preview":"max-video-preview:-1"},"canonical":"https:\/\/findyourmagic.se\/?page_id=1175","og_locale":"en_US","og_type":"article","og_title":"Free stuff - Find your magic","og_description":"Gratis guidade meditationer, webinar m.m.","og_url":"https:\/\/findyourmagic.se\/?page_id=1175","og_site_name":"Find your magic","article_publisher":"https:\/\/www.facebook.com\/kolmodins","article_modified_time":"2025-08-07T06:00:12+00:00","og_image":[{"width":490,"height":380,"url":"https:\/\/findyourmagic.se\/wp-content\/uploads\/2024\/03\/Free-stuff-slide.png","type":"image\/png"}],"twitter_card":"summary_large_image","twitter_misc":{"Est. reading time":"4 minutes"},"schema":{"@context":"https:\/\/schema.org","@graph":[{"@type":"WebPage","@id":"https:\/\/findyourmagic.se\/?page_id=1175","url":"https:\/\/findyourmagic.se\/?page_id=1175","name":"Free stuff - Find your magic","isPartOf":{"@id":"https:\/\/findyourmagic.se\/#website"},"primaryImageOfPage":{"@id":"https:\/\/findyourmagic.se\/?page_id=1175#primaryimage"},"image":{"@id":"https:\/\/findyourmagic.se\/?page_id=1175#primaryimage"},"thumbnailUrl":"https:\/\/findyourmagic.se\/wp-content\/uploads\/2024\/03\/Free-stuff-slide.png","datePublished":"2024-01-24T12:00:21+00:00","dateModified":"2025-08-07T06:00:12+00:00","breadcrumb":{"@id":"https:\/\/findyourmagic.se\/?page_id=1175#breadcrumb"},"inLanguage":"en-US","potentialAction":[{"@type":"ReadAction","target":["https:\/\/findyourmagic.se\/?page_id=1175"]}]},{"@type":"ImageObject","inLanguage":"en-US","@id":"https:\/\/findyourmagic.se\/?page_id=1175#primaryimage","url":"https:\/\/findyourmagic.se\/wp-content\/uploads\/2024\/03\/Free-stuff-slide.png","contentUrl":"https:\/\/findyourmagic.se\/wp-content\/uploads\/2024\/03\/Free-stuff-slide.png","width":490,"height":380},{"@type":"BreadcrumbList","@id":"https:\/\/findyourmagic.se\/?page_id=1175#breadcrumb","itemListElement":[{"@type":"ListItem","position":1,"name":"Home","item":"https:\/\/findyourmagic.se\/"},{"@type":"ListItem","position":2,"name":"Free stuff"}]},{"@type":"WebSite","@id":"https:\/\/findyourmagic.se\/#website","url":"https:\/\/findyourmagic.se\/","name":"Find your magic","description":"Find your magic","publisher":{"@id":"https:\/\/findyourmagic.se\/#organization"},"potentialAction":[{"@type":"SearchAction","target":{"@type":"EntryPoint","urlTemplate":"https:\/\/findyourmagic.se\/?s={search_term_string}"},"query-input":{"@type":"PropertyValueSpecification","valueRequired":true,"valueName":"search_term_string"}}],"inLanguage":"en-US"},{"@type":"Organization","@id":"https:\/\/findyourmagic.se\/#organization","name":"Anna Kolmodin AB","url":"https:\/\/findyourmagic.se\/","logo":{"@type":"ImageObject","inLanguage":"en-US","@id":"https:\/\/findyourmagic.se\/#\/schema\/logo\/image\/","url":"http:\/\/findyourmagic.se\/wp-content\/uploads\/2023\/09\/Find-your-magic-Facebook-inlagg-Liggande-3.png","contentUrl":"http:\/\/findyourmagic.se\/wp-content\/uploads\/2023\/09\/Find-your-magic-Facebook-inlagg-Liggande-3.png","width":1200,"height":210,"caption":"Anna Kolmodin AB"},"image":{"@id":"https:\/\/findyourmagic.se\/#\/schema\/logo\/image\/"},"sameAs":["https:\/\/www.facebook.com\/kolmodins"]}]}},"_links":{"self":[{"href":"https:\/\/findyourmagic.se\/index.php?rest_route=\/wp\/v2\/pages\/1175","targetHints":{"allow":["GET"]}}],"collection":[{"href":"https:\/\/findyourmagic.se\/index.php?rest_route=\/wp\/v2\/pages"}],"about":[{"href":"https:\/\/findyourmagic.se\/index.php?rest_route=\/wp\/v2\/types\/page"}],"author":[{"embeddable":true,"href":"https:\/\/findyourmagic.se\/index.php?rest_route=\/wp\/v2\/users\/1"}],"replies":[{"embeddable":true,"href":"https:\/\/findyourmagic.se\/index.php?rest_route=%2Fwp%2Fv2%2Fcomments&post=1175"}],"version-history":[{"count":152,"href":"https:\/\/findyourmagic.se\/index.php?rest_route=\/wp\/v2\/pages\/1175\/revisions"}],"predecessor-version":[{"id":6974,"href":"https:\/\/findyourmagic.se\/index.php?rest_route=\/wp\/v2\/pages\/1175\/revisions\/6974"}],"wp:featuredmedia":[{"embeddable":true,"href":"https:\/\/findyourmagic.se\/index.php?rest_route=\/wp\/v2\/media\/4841"}],"wp:attachment":[{"href":"https:\/\/findyourmagic.se\/index.php?rest_route=%2Fwp%2Fv2%2Fmedia&parent=1175"}],"curies":[{"name":"wp","href":"https:\/\/api.w.org\/{rel}","templated":true}]}}