{"id":1225,"date":"2024-02-06T03:41:57","date_gmt":"2024-02-06T03:41:57","guid":{"rendered":"https:\/\/findyourmagic.se\/?page_id=1225"},"modified":"2024-12-18T12:17:31","modified_gmt":"2024-12-18T12:17:31","slug":"magic-morning-meditation","status":"publish","type":"page","link":"https:\/\/findyourmagic.se\/?page_id=1225","title":{"rendered":"Magic morning meditation"},"content":{"rendered":"\t\t<div data-elementor-type=\"wp-page\" data-elementor-id=\"1225\" class=\"elementor elementor-1225\" data-elementor-post-type=\"page\">\n\t\t\t\t\t\t<section class=\"elementor-section elementor-top-section elementor-element elementor-element-9d9acb0 elementor-section-boxed elementor-section-height-default elementor-section-height-default\" data-id=\"9d9acb0\" data-element_type=\"section\" data-settings=\"{&quot;background_background&quot;:&quot;classic&quot;}\">\n\t\t\t\t\t\t<div class=\"elementor-container elementor-column-gap-default\">\n\t\t\t\t\t<div class=\"elementor-column elementor-col-100 elementor-top-column elementor-element elementor-element-d320a1c\" data-id=\"d320a1c\" data-element_type=\"column\">\n\t\t\t<div class=\"elementor-widget-wrap elementor-element-populated\">\n\t\t\t\t\t\t<div class=\"elementor-element elementor-element-8c2abef elementor-widget elementor-widget-spacer\" data-id=\"8c2abef\" data-element_type=\"widget\" data-widget_type=\"spacer.default\">\n\t\t\t\t<div class=\"elementor-widget-container\">\n\t\t\t\t\t\t\t<div class=\"elementor-spacer\">\n\t\t\t<div class=\"elementor-spacer-inner\"><\/div>\n\t\t<\/div>\n\t\t\t\t\t\t<\/div>\n\t\t\t\t<\/div>\n\t\t\t\t<div class=\"elementor-element elementor-element-044df8b elementor-widget elementor-widget-heading\" data-id=\"044df8b\" data-element_type=\"widget\" data-widget_type=\"heading.default\">\n\t\t\t\t<div class=\"elementor-widget-container\">\n\t\t\t\t\t<h1 class=\"elementor-heading-title elementor-size-default\">Magic morning meditation<\/h1>\t\t\t\t<\/div>\n\t\t\t\t<\/div>\n\t\t\t\t<div class=\"elementor-element elementor-element-66405b2 elementor-widget elementor-widget-spacer\" data-id=\"66405b2\" data-element_type=\"widget\" data-widget_type=\"spacer.default\">\n\t\t\t\t<div class=\"elementor-widget-container\">\n\t\t\t\t\t\t\t<div class=\"elementor-spacer\">\n\t\t\t<div class=\"elementor-spacer-inner\"><\/div>\n\t\t<\/div>\n\t\t\t\t\t\t<\/div>\n\t\t\t\t<\/div>\n\t\t\t\t<div class=\"elementor-element elementor-element-e959be9 elementor-widget elementor-widget-text-editor\" data-id=\"e959be9\" data-element_type=\"widget\" data-widget_type=\"text-editor.default\">\n\t\t\t\t<div class=\"elementor-widget-container\">\n\t\t\t\t\t\t\t\t\t<p>H\u00e4r \u00e4r en meditation som \u00e4r inspirerad av Vishen Lakhianis 6-phase meditation, en meditation som jag sj\u00e4lv k\u00f6rt varje morgon i snart tv\u00e5 \u00e5r. Meditationen best\u00e5r av sex avsnitt, och \u00e4r ganska intensiv och snabb, det tar n\u00e5gra dagar innan man v\u00e4njer sig vid inneh\u00e5llet och tempot, men du kommer att v\u00e4nja dig, jag lovar! G\u00f6r den det f\u00f6rsta du g\u00f6r p\u00e5 morgonen, precis n\u00e4r du vaknar.<\/p><p>Jag har k\u00f6rt en veckas meditationsutmaning med denna live fr\u00e5n Bali, och eventuellt kommer en repris fr\u00e5n Maldiverna snart, om du vill h\u00e4nga med!<\/p><p>Meditationen best\u00e5r av sex delar:<\/p><p>\ud83d\udc9a k\u00e4rleksfull v\u00e4nlighet<br \/>\ud83d\ude4f\ud83c\udffb tacksamhet<br \/>\ud83d\udc99 f\u00f6rl\u00e5telse<br \/>\ud83d\udc41\ufe0f visualisering<br \/>\ud83e\ude75 intention<br \/>\ud83d\ude07 blessing<\/p><p>Och jag lovar! Om du ger meditationen en chans, s\u00e5 kommer du att l\u00e4ra dig att h\u00e4nga med och den kommer att f\u00f6r\u00e4ndra dina dagar och ditt liv (det har den gjort f\u00f6r mig!).<\/p><p>Beh\u00f6ver du hj\u00e4lp eller v\u00e4gledning, h\u00f6r av dig!<\/p>\t\t\t\t\t\t\t\t<\/div>\n\t\t\t\t<\/div>\n\t\t\t\t<div class=\"elementor-element elementor-element-46166bf elementor-widget elementor-widget-html\" data-id=\"46166bf\" data-element_type=\"widget\" data-widget_type=\"html.default\">\n\t\t\t\t<div class=\"elementor-widget-container\">\n\t\t\t\t\t<iframe style=\"border-radius:12px\" src=\"https:\/\/open.spotify.com\/embed\/episode\/7CZAdzszqGXZ5MhIgasDTv?utm_source=generator\" width=\"100%\" height=\"152\" frameBorder=\"0\" allowfullscreen=\"\" allow=\"autoplay; clipboard-write; encrypted-media; fullscreen; picture-in-picture\" loading=\"lazy\"><\/iframe>\t\t\t\t<\/div>\n\t\t\t\t<\/div>\n\t\t\t\t<div class=\"elementor-element elementor-element-bfa02b7 elementor-widget elementor-widget-spacer\" data-id=\"bfa02b7\" data-element_type=\"widget\" data-widget_type=\"spacer.default\">\n\t\t\t\t<div class=\"elementor-widget-container\">\n\t\t\t\t\t\t\t<div class=\"elementor-spacer\">\n\t\t\t<div class=\"elementor-spacer-inner\"><\/div>\n\t\t<\/div>\n\t\t\t\t\t\t<\/div>\n\t\t\t\t<\/div>\n\t\t\t\t\t<\/div>\n\t\t<\/div>\n\t\t\t\t\t<\/div>\n\t\t<\/section>\n\t\t\t\t<\/div>\n\t\t","protected":false},"excerpt":{"rendered":"<p>Magic morning meditation H\u00e4r \u00e4r en meditation som \u00e4r inspirerad av Vishen Lakhianis 6-phase meditation, en meditation som jag sj\u00e4lv k\u00f6rt varje morgon i snart tv\u00e5 \u00e5r. Meditationen best\u00e5r av sex avsnitt, och \u00e4r ganska intensiv och snabb, det tar n\u00e5gra dagar innan man v\u00e4njer sig vid inneh\u00e5llet och tempot, men du kommer att v\u00e4nja [&hellip;]<\/p>\n","protected":false},"author":1,"featured_media":0,"parent":0,"menu_order":0,"comment_status":"closed","ping_status":"closed","template":"","meta":{"footnotes":""},"class_list":["post-1225","page","type-page","status-publish","hentry"],"yoast_head":"<!-- This site is optimized with the Yoast SEO plugin v26.6 - https:\/\/yoast.com\/wordpress\/plugins\/seo\/ -->\n<title>Magic morning meditation - Find your magic<\/title>\n<meta name=\"description\" content=\"En meditation som inneh\u00e5ller sex olika delar f\u00f6r att ge dig en h\u00e4rlig start p\u00e5 dagen och dessutom ta dig, steg f\u00f6r steg, mor dr\u00f6mlivet!\" \/>\n<meta name=\"robots\" content=\"index, follow, max-snippet:-1, max-image-preview:large, max-video-preview:-1\" \/>\n<link rel=\"canonical\" href=\"https:\/\/findyourmagic.se\/?page_id=1225\" \/>\n<meta property=\"og:locale\" content=\"en_US\" \/>\n<meta property=\"og:type\" content=\"article\" \/>\n<meta property=\"og:title\" content=\"Magic morning meditation - Find your magic\" \/>\n<meta property=\"og:description\" content=\"En meditation som inneh\u00e5ller sex olika delar f\u00f6r att ge dig en h\u00e4rlig start p\u00e5 dagen och dessutom ta dig, steg f\u00f6r steg, mor dr\u00f6mlivet!\" \/>\n<meta property=\"og:url\" content=\"https:\/\/findyourmagic.se\/?page_id=1225\" \/>\n<meta property=\"og:site_name\" content=\"Find your magic\" \/>\n<meta property=\"article:publisher\" content=\"https:\/\/www.facebook.com\/kolmodins\" \/>\n<meta property=\"article:modified_time\" content=\"2024-12-18T12:17:31+00:00\" \/>\n<meta name=\"twitter:card\" content=\"summary_large_image\" \/>\n<meta name=\"twitter:label1\" content=\"Est. reading time\" \/>\n\t<meta name=\"twitter:data1\" content=\"1 minute\" \/>\n<script type=\"application\/ld+json\" class=\"yoast-schema-graph\">{\"@context\":\"https:\/\/schema.org\",\"@graph\":[{\"@type\":\"WebPage\",\"@id\":\"https:\/\/findyourmagic.se\/?page_id=1225\",\"url\":\"https:\/\/findyourmagic.se\/?page_id=1225\",\"name\":\"Magic morning meditation - Find your magic\",\"isPartOf\":{\"@id\":\"https:\/\/findyourmagic.se\/#website\"},\"datePublished\":\"2024-02-06T03:41:57+00:00\",\"dateModified\":\"2024-12-18T12:17:31+00:00\",\"description\":\"En meditation som inneh\u00e5ller sex olika delar f\u00f6r att ge dig en h\u00e4rlig start p\u00e5 dagen och dessutom ta dig, steg f\u00f6r steg, mor dr\u00f6mlivet!\",\"breadcrumb\":{\"@id\":\"https:\/\/findyourmagic.se\/?page_id=1225#breadcrumb\"},\"inLanguage\":\"en-US\",\"potentialAction\":[{\"@type\":\"ReadAction\",\"target\":[\"https:\/\/findyourmagic.se\/?page_id=1225\"]}]},{\"@type\":\"BreadcrumbList\",\"@id\":\"https:\/\/findyourmagic.se\/?page_id=1225#breadcrumb\",\"itemListElement\":[{\"@type\":\"ListItem\",\"position\":1,\"name\":\"Home\",\"item\":\"https:\/\/findyourmagic.se\/\"},{\"@type\":\"ListItem\",\"position\":2,\"name\":\"Magic morning meditation\"}]},{\"@type\":\"WebSite\",\"@id\":\"https:\/\/findyourmagic.se\/#website\",\"url\":\"https:\/\/findyourmagic.se\/\",\"name\":\"Find your magic\",\"description\":\"Find your magic\",\"publisher\":{\"@id\":\"https:\/\/findyourmagic.se\/#organization\"},\"potentialAction\":[{\"@type\":\"SearchAction\",\"target\":{\"@type\":\"EntryPoint\",\"urlTemplate\":\"https:\/\/findyourmagic.se\/?s={search_term_string}\"},\"query-input\":{\"@type\":\"PropertyValueSpecification\",\"valueRequired\":true,\"valueName\":\"search_term_string\"}}],\"inLanguage\":\"en-US\"},{\"@type\":\"Organization\",\"@id\":\"https:\/\/findyourmagic.se\/#organization\",\"name\":\"Anna Kolmodin AB\",\"url\":\"https:\/\/findyourmagic.se\/\",\"logo\":{\"@type\":\"ImageObject\",\"inLanguage\":\"en-US\",\"@id\":\"https:\/\/findyourmagic.se\/#\/schema\/logo\/image\/\",\"url\":\"http:\/\/findyourmagic.se\/wp-content\/uploads\/2023\/09\/Find-your-magic-Facebook-inlagg-Liggande-3.png\",\"contentUrl\":\"http:\/\/findyourmagic.se\/wp-content\/uploads\/2023\/09\/Find-your-magic-Facebook-inlagg-Liggande-3.png\",\"width\":1200,\"height\":210,\"caption\":\"Anna Kolmodin AB\"},\"image\":{\"@id\":\"https:\/\/findyourmagic.se\/#\/schema\/logo\/image\/\"},\"sameAs\":[\"https:\/\/www.facebook.com\/kolmodins\"]}]}<\/script>\n<!-- \/ Yoast SEO plugin. -->","yoast_head_json":{"title":"Magic morning meditation - Find your magic","description":"En meditation som inneh\u00e5ller sex olika delar f\u00f6r att ge dig en h\u00e4rlig start p\u00e5 dagen och dessutom ta dig, steg f\u00f6r steg, mor dr\u00f6mlivet!","robots":{"index":"index","follow":"follow","max-snippet":"max-snippet:-1","max-image-preview":"max-image-preview:large","max-video-preview":"max-video-preview:-1"},"canonical":"https:\/\/findyourmagic.se\/?page_id=1225","og_locale":"en_US","og_type":"article","og_title":"Magic morning meditation - Find your magic","og_description":"En meditation som inneh\u00e5ller sex olika delar f\u00f6r att ge dig en h\u00e4rlig start p\u00e5 dagen och dessutom ta dig, steg f\u00f6r steg, mor dr\u00f6mlivet!","og_url":"https:\/\/findyourmagic.se\/?page_id=1225","og_site_name":"Find your magic","article_publisher":"https:\/\/www.facebook.com\/kolmodins","article_modified_time":"2024-12-18T12:17:31+00:00","twitter_card":"summary_large_image","twitter_misc":{"Est. reading time":"1 minute"},"schema":{"@context":"https:\/\/schema.org","@graph":[{"@type":"WebPage","@id":"https:\/\/findyourmagic.se\/?page_id=1225","url":"https:\/\/findyourmagic.se\/?page_id=1225","name":"Magic morning meditation - Find your magic","isPartOf":{"@id":"https:\/\/findyourmagic.se\/#website"},"datePublished":"2024-02-06T03:41:57+00:00","dateModified":"2024-12-18T12:17:31+00:00","description":"En meditation som inneh\u00e5ller sex olika delar f\u00f6r att ge dig en h\u00e4rlig start p\u00e5 dagen och dessutom ta dig, steg f\u00f6r steg, mor dr\u00f6mlivet!","breadcrumb":{"@id":"https:\/\/findyourmagic.se\/?page_id=1225#breadcrumb"},"inLanguage":"en-US","potentialAction":[{"@type":"ReadAction","target":["https:\/\/findyourmagic.se\/?page_id=1225"]}]},{"@type":"BreadcrumbList","@id":"https:\/\/findyourmagic.se\/?page_id=1225#breadcrumb","itemListElement":[{"@type":"ListItem","position":1,"name":"Home","item":"https:\/\/findyourmagic.se\/"},{"@type":"ListItem","position":2,"name":"Magic morning meditation"}]},{"@type":"WebSite","@id":"https:\/\/findyourmagic.se\/#website","url":"https:\/\/findyourmagic.se\/","name":"Find your magic","description":"Find your magic","publisher":{"@id":"https:\/\/findyourmagic.se\/#organization"},"potentialAction":[{"@type":"SearchAction","target":{"@type":"EntryPoint","urlTemplate":"https:\/\/findyourmagic.se\/?s={search_term_string}"},"query-input":{"@type":"PropertyValueSpecification","valueRequired":true,"valueName":"search_term_string"}}],"inLanguage":"en-US"},{"@type":"Organization","@id":"https:\/\/findyourmagic.se\/#organization","name":"Anna Kolmodin AB","url":"https:\/\/findyourmagic.se\/","logo":{"@type":"ImageObject","inLanguage":"en-US","@id":"https:\/\/findyourmagic.se\/#\/schema\/logo\/image\/","url":"http:\/\/findyourmagic.se\/wp-content\/uploads\/2023\/09\/Find-your-magic-Facebook-inlagg-Liggande-3.png","contentUrl":"http:\/\/findyourmagic.se\/wp-content\/uploads\/2023\/09\/Find-your-magic-Facebook-inlagg-Liggande-3.png","width":1200,"height":210,"caption":"Anna Kolmodin AB"},"image":{"@id":"https:\/\/findyourmagic.se\/#\/schema\/logo\/image\/"},"sameAs":["https:\/\/www.facebook.com\/kolmodins"]}]}},"_links":{"self":[{"href":"https:\/\/findyourmagic.se\/index.php?rest_route=\/wp\/v2\/pages\/1225","targetHints":{"allow":["GET"]}}],"collection":[{"href":"https:\/\/findyourmagic.se\/index.php?rest_route=\/wp\/v2\/pages"}],"about":[{"href":"https:\/\/findyourmagic.se\/index.php?rest_route=\/wp\/v2\/types\/page"}],"author":[{"embeddable":true,"href":"https:\/\/findyourmagic.se\/index.php?rest_route=\/wp\/v2\/users\/1"}],"replies":[{"embeddable":true,"href":"https:\/\/findyourmagic.se\/index.php?rest_route=%2Fwp%2Fv2%2Fcomments&post=1225"}],"version-history":[{"count":49,"href":"https:\/\/findyourmagic.se\/index.php?rest_route=\/wp\/v2\/pages\/1225\/revisions"}],"predecessor-version":[{"id":6020,"href":"https:\/\/findyourmagic.se\/index.php?rest_route=\/wp\/v2\/pages\/1225\/revisions\/6020"}],"wp:attachment":[{"href":"https:\/\/findyourmagic.se\/index.php?rest_route=%2Fwp%2Fv2%2Fmedia&parent=1225"}],"curies":[{"name":"wp","href":"https:\/\/api.w.org\/{rel}","templated":true}]}}