{"id":5109,"date":"2024-04-18T11:10:59","date_gmt":"2024-04-18T11:10:59","guid":{"rendered":"https:\/\/findyourmagic.se\/?page_id=5109"},"modified":"2024-12-18T12:18:38","modified_gmt":"2024-12-18T12:18:38","slug":"magic-sleep-meditation","status":"publish","type":"page","link":"https:\/\/findyourmagic.se\/?page_id=5109","title":{"rendered":"Magic sleep meditation"},"content":{"rendered":"\t\t<div data-elementor-type=\"wp-page\" data-elementor-id=\"5109\" class=\"elementor elementor-5109\" data-elementor-post-type=\"page\">\n\t\t\t\t\t\t<section class=\"elementor-section elementor-top-section elementor-element elementor-element-9a0ce15 elementor-section-full_width elementor-section-height-default elementor-section-height-default\" data-id=\"9a0ce15\" data-element_type=\"section\" data-settings=\"{&quot;background_background&quot;:&quot;classic&quot;}\">\n\t\t\t\t\t\t<div class=\"elementor-container elementor-column-gap-default\">\n\t\t\t\t\t<div class=\"elementor-column elementor-col-100 elementor-top-column elementor-element elementor-element-4d4c16a\" data-id=\"4d4c16a\" data-element_type=\"column\">\n\t\t\t<div class=\"elementor-widget-wrap elementor-element-populated\">\n\t\t\t\t\t\t<section class=\"elementor-section elementor-inner-section elementor-element elementor-element-8bc3c0b elementor-section-boxed elementor-section-height-default elementor-section-height-default\" data-id=\"8bc3c0b\" data-element_type=\"section\">\n\t\t\t\t\t\t<div class=\"elementor-container elementor-column-gap-default\">\n\t\t\t\t\t<div class=\"elementor-column elementor-col-100 elementor-inner-column elementor-element elementor-element-8c22dc9\" data-id=\"8c22dc9\" data-element_type=\"column\">\n\t\t\t<div class=\"elementor-widget-wrap elementor-element-populated\">\n\t\t\t\t\t\t<div class=\"elementor-element elementor-element-47ee0e8 elementor-widget elementor-widget-spacer\" data-id=\"47ee0e8\" data-element_type=\"widget\" data-widget_type=\"spacer.default\">\n\t\t\t\t<div class=\"elementor-widget-container\">\n\t\t\t\t\t\t\t<div class=\"elementor-spacer\">\n\t\t\t<div class=\"elementor-spacer-inner\"><\/div>\n\t\t<\/div>\n\t\t\t\t\t\t<\/div>\n\t\t\t\t<\/div>\n\t\t\t\t<div class=\"elementor-element elementor-element-c671361 elementor-widget elementor-widget-heading\" data-id=\"c671361\" data-element_type=\"widget\" data-widget_type=\"heading.default\">\n\t\t\t\t<div class=\"elementor-widget-container\">\n\t\t\t\t\t<h1 class=\"elementor-heading-title elementor-size-default\">Magic sleep meditation<\/h1>\t\t\t\t<\/div>\n\t\t\t\t<\/div>\n\t\t\t\t<div class=\"elementor-element elementor-element-390cd77 elementor-widget elementor-widget-spacer\" data-id=\"390cd77\" data-element_type=\"widget\" data-widget_type=\"spacer.default\">\n\t\t\t\t<div class=\"elementor-widget-container\">\n\t\t\t\t\t\t\t<div class=\"elementor-spacer\">\n\t\t\t<div class=\"elementor-spacer-inner\"><\/div>\n\t\t<\/div>\n\t\t\t\t\t\t<\/div>\n\t\t\t\t<\/div>\n\t\t\t\t<div class=\"elementor-element elementor-element-c9f99c6 elementor-widget elementor-widget-text-editor\" data-id=\"c9f99c6\" data-element_type=\"widget\" data-widget_type=\"text-editor.default\">\n\t\t\t\t<div class=\"elementor-widget-container\">\n\t\t\t\t\t\t\t\t\t<p>H\u00e4r \u00e4r en guidad mediation f\u00f6r dig som har sv\u00e5rt att komma till ro n\u00e4r du ska sova.&nbsp;<\/p>\n<p>Eller som bara villa ha hj\u00e4lp att komma ner i riktigt djup avslappning.&nbsp;<\/p>\n<p>R\u00f6stguidningen h\u00e5ller p\u00e5 i cirka 16 minuter, efter det \u00e4r det musik p\u00e5 en frekvens som hj\u00e4lper dig att somna, som sakta fade-ar ut.<\/p>\n<p>Sov gott! \/\/Anna *:o)<\/p>\t\t\t\t\t\t\t\t<\/div>\n\t\t\t\t<\/div>\n\t\t\t\t<div class=\"elementor-element elementor-element-17db421 elementor-widget elementor-widget-html\" data-id=\"17db421\" data-element_type=\"widget\" data-widget_type=\"html.default\">\n\t\t\t\t<div class=\"elementor-widget-container\">\n\t\t\t\t\t<iframe style=\"border-radius:12px\" src=\"https:\/\/open.spotify.com\/embed\/episode\/4H5AeRAW8W843F3KHkuhC4?utm_source=generator\" width=\"100%\" height=\"152\" frameBorder=\"0\" allowfullscreen=\"\" allow=\"autoplay; clipboard-write; encrypted-media; fullscreen; picture-in-picture\" loading=\"lazy\"><\/iframe>\t\t\t\t<\/div>\n\t\t\t\t<\/div>\n\t\t\t\t<div class=\"elementor-element elementor-element-f7a2ec8 elementor-widget elementor-widget-spacer\" data-id=\"f7a2ec8\" data-element_type=\"widget\" data-widget_type=\"spacer.default\">\n\t\t\t\t<div class=\"elementor-widget-container\">\n\t\t\t\t\t\t\t<div class=\"elementor-spacer\">\n\t\t\t<div class=\"elementor-spacer-inner\"><\/div>\n\t\t<\/div>\n\t\t\t\t\t\t<\/div>\n\t\t\t\t<\/div>\n\t\t\t\t\t<\/div>\n\t\t<\/div>\n\t\t\t\t\t<\/div>\n\t\t<\/section>\n\t\t\t\t\t<\/div>\n\t\t<\/div>\n\t\t\t\t\t<\/div>\n\t\t<\/section>\n\t\t\t\t<\/div>\n\t\t","protected":false},"excerpt":{"rendered":"<p>Magic sleep meditation H\u00e4r \u00e4r en guidad mediation f\u00f6r dig som har sv\u00e5rt att komma till ro n\u00e4r du ska sova.&nbsp; Eller som bara villa ha hj\u00e4lp att komma ner i riktigt djup avslappning.&nbsp; R\u00f6stguidningen h\u00e5ller p\u00e5 i cirka 16 minuter, efter det \u00e4r det musik p\u00e5 en frekvens som hj\u00e4lper dig att somna, som [&hellip;]<\/p>\n","protected":false},"author":1,"featured_media":0,"parent":0,"menu_order":0,"comment_status":"closed","ping_status":"closed","template":"","meta":{"footnotes":""},"class_list":["post-5109","page","type-page","status-publish","hentry"],"yoast_head":"<!-- This site is optimized with the Yoast SEO plugin v26.6 - https:\/\/yoast.com\/wordpress\/plugins\/seo\/ -->\n<title>Magic sleep meditation - Find your magic<\/title>\n<meta name=\"description\" content=\"En guidad meditation f\u00f6r dig som har sv\u00e5rt att sova, eller som bara vill ha en guidad avslappning p\u00e5 djupet.\" \/>\n<meta name=\"robots\" content=\"index, follow, max-snippet:-1, max-image-preview:large, max-video-preview:-1\" \/>\n<link rel=\"canonical\" href=\"https:\/\/findyourmagic.se\/?page_id=5109\" \/>\n<meta property=\"og:locale\" content=\"en_US\" \/>\n<meta property=\"og:type\" content=\"article\" \/>\n<meta property=\"og:title\" content=\"Magic sleep meditation - Find your magic\" \/>\n<meta property=\"og:description\" content=\"En guidad meditation f\u00f6r dig som har sv\u00e5rt att sova, eller som bara vill ha en guidad avslappning p\u00e5 djupet.\" \/>\n<meta property=\"og:url\" content=\"https:\/\/findyourmagic.se\/?page_id=5109\" \/>\n<meta property=\"og:site_name\" content=\"Find your magic\" \/>\n<meta property=\"article:publisher\" content=\"https:\/\/www.facebook.com\/kolmodins\" \/>\n<meta property=\"article:modified_time\" content=\"2024-12-18T12:18:38+00:00\" \/>\n<meta name=\"twitter:card\" content=\"summary_large_image\" \/>\n<meta name=\"twitter:label1\" content=\"Est. reading time\" \/>\n\t<meta name=\"twitter:data1\" content=\"1 minute\" \/>\n<script type=\"application\/ld+json\" class=\"yoast-schema-graph\">{\"@context\":\"https:\/\/schema.org\",\"@graph\":[{\"@type\":\"WebPage\",\"@id\":\"https:\/\/findyourmagic.se\/?page_id=5109\",\"url\":\"https:\/\/findyourmagic.se\/?page_id=5109\",\"name\":\"Magic sleep meditation - Find your magic\",\"isPartOf\":{\"@id\":\"https:\/\/findyourmagic.se\/#website\"},\"datePublished\":\"2024-04-18T11:10:59+00:00\",\"dateModified\":\"2024-12-18T12:18:38+00:00\",\"description\":\"En guidad meditation f\u00f6r dig som har sv\u00e5rt att sova, eller som bara vill ha en guidad avslappning p\u00e5 djupet.\",\"breadcrumb\":{\"@id\":\"https:\/\/findyourmagic.se\/?page_id=5109#breadcrumb\"},\"inLanguage\":\"en-US\",\"potentialAction\":[{\"@type\":\"ReadAction\",\"target\":[\"https:\/\/findyourmagic.se\/?page_id=5109\"]}]},{\"@type\":\"BreadcrumbList\",\"@id\":\"https:\/\/findyourmagic.se\/?page_id=5109#breadcrumb\",\"itemListElement\":[{\"@type\":\"ListItem\",\"position\":1,\"name\":\"Home\",\"item\":\"https:\/\/findyourmagic.se\/\"},{\"@type\":\"ListItem\",\"position\":2,\"name\":\"Magic sleep meditation\"}]},{\"@type\":\"WebSite\",\"@id\":\"https:\/\/findyourmagic.se\/#website\",\"url\":\"https:\/\/findyourmagic.se\/\",\"name\":\"Find your magic\",\"description\":\"Find your magic\",\"publisher\":{\"@id\":\"https:\/\/findyourmagic.se\/#organization\"},\"potentialAction\":[{\"@type\":\"SearchAction\",\"target\":{\"@type\":\"EntryPoint\",\"urlTemplate\":\"https:\/\/findyourmagic.se\/?s={search_term_string}\"},\"query-input\":{\"@type\":\"PropertyValueSpecification\",\"valueRequired\":true,\"valueName\":\"search_term_string\"}}],\"inLanguage\":\"en-US\"},{\"@type\":\"Organization\",\"@id\":\"https:\/\/findyourmagic.se\/#organization\",\"name\":\"Anna Kolmodin AB\",\"url\":\"https:\/\/findyourmagic.se\/\",\"logo\":{\"@type\":\"ImageObject\",\"inLanguage\":\"en-US\",\"@id\":\"https:\/\/findyourmagic.se\/#\/schema\/logo\/image\/\",\"url\":\"http:\/\/findyourmagic.se\/wp-content\/uploads\/2023\/09\/Find-your-magic-Facebook-inlagg-Liggande-3.png\",\"contentUrl\":\"http:\/\/findyourmagic.se\/wp-content\/uploads\/2023\/09\/Find-your-magic-Facebook-inlagg-Liggande-3.png\",\"width\":1200,\"height\":210,\"caption\":\"Anna Kolmodin AB\"},\"image\":{\"@id\":\"https:\/\/findyourmagic.se\/#\/schema\/logo\/image\/\"},\"sameAs\":[\"https:\/\/www.facebook.com\/kolmodins\"]}]}<\/script>\n<!-- \/ Yoast SEO plugin. -->","yoast_head_json":{"title":"Magic sleep meditation - Find your magic","description":"En guidad meditation f\u00f6r dig som har sv\u00e5rt att sova, eller som bara vill ha en guidad avslappning p\u00e5 djupet.","robots":{"index":"index","follow":"follow","max-snippet":"max-snippet:-1","max-image-preview":"max-image-preview:large","max-video-preview":"max-video-preview:-1"},"canonical":"https:\/\/findyourmagic.se\/?page_id=5109","og_locale":"en_US","og_type":"article","og_title":"Magic sleep meditation - Find your magic","og_description":"En guidad meditation f\u00f6r dig som har sv\u00e5rt att sova, eller som bara vill ha en guidad avslappning p\u00e5 djupet.","og_url":"https:\/\/findyourmagic.se\/?page_id=5109","og_site_name":"Find your magic","article_publisher":"https:\/\/www.facebook.com\/kolmodins","article_modified_time":"2024-12-18T12:18:38+00:00","twitter_card":"summary_large_image","twitter_misc":{"Est. reading time":"1 minute"},"schema":{"@context":"https:\/\/schema.org","@graph":[{"@type":"WebPage","@id":"https:\/\/findyourmagic.se\/?page_id=5109","url":"https:\/\/findyourmagic.se\/?page_id=5109","name":"Magic sleep meditation - Find your magic","isPartOf":{"@id":"https:\/\/findyourmagic.se\/#website"},"datePublished":"2024-04-18T11:10:59+00:00","dateModified":"2024-12-18T12:18:38+00:00","description":"En guidad meditation f\u00f6r dig som har sv\u00e5rt att sova, eller som bara vill ha en guidad avslappning p\u00e5 djupet.","breadcrumb":{"@id":"https:\/\/findyourmagic.se\/?page_id=5109#breadcrumb"},"inLanguage":"en-US","potentialAction":[{"@type":"ReadAction","target":["https:\/\/findyourmagic.se\/?page_id=5109"]}]},{"@type":"BreadcrumbList","@id":"https:\/\/findyourmagic.se\/?page_id=5109#breadcrumb","itemListElement":[{"@type":"ListItem","position":1,"name":"Home","item":"https:\/\/findyourmagic.se\/"},{"@type":"ListItem","position":2,"name":"Magic sleep meditation"}]},{"@type":"WebSite","@id":"https:\/\/findyourmagic.se\/#website","url":"https:\/\/findyourmagic.se\/","name":"Find your magic","description":"Find your magic","publisher":{"@id":"https:\/\/findyourmagic.se\/#organization"},"potentialAction":[{"@type":"SearchAction","target":{"@type":"EntryPoint","urlTemplate":"https:\/\/findyourmagic.se\/?s={search_term_string}"},"query-input":{"@type":"PropertyValueSpecification","valueRequired":true,"valueName":"search_term_string"}}],"inLanguage":"en-US"},{"@type":"Organization","@id":"https:\/\/findyourmagic.se\/#organization","name":"Anna Kolmodin AB","url":"https:\/\/findyourmagic.se\/","logo":{"@type":"ImageObject","inLanguage":"en-US","@id":"https:\/\/findyourmagic.se\/#\/schema\/logo\/image\/","url":"http:\/\/findyourmagic.se\/wp-content\/uploads\/2023\/09\/Find-your-magic-Facebook-inlagg-Liggande-3.png","contentUrl":"http:\/\/findyourmagic.se\/wp-content\/uploads\/2023\/09\/Find-your-magic-Facebook-inlagg-Liggande-3.png","width":1200,"height":210,"caption":"Anna Kolmodin AB"},"image":{"@id":"https:\/\/findyourmagic.se\/#\/schema\/logo\/image\/"},"sameAs":["https:\/\/www.facebook.com\/kolmodins"]}]}},"_links":{"self":[{"href":"https:\/\/findyourmagic.se\/index.php?rest_route=\/wp\/v2\/pages\/5109","targetHints":{"allow":["GET"]}}],"collection":[{"href":"https:\/\/findyourmagic.se\/index.php?rest_route=\/wp\/v2\/pages"}],"about":[{"href":"https:\/\/findyourmagic.se\/index.php?rest_route=\/wp\/v2\/types\/page"}],"author":[{"embeddable":true,"href":"https:\/\/findyourmagic.se\/index.php?rest_route=\/wp\/v2\/users\/1"}],"replies":[{"embeddable":true,"href":"https:\/\/findyourmagic.se\/index.php?rest_route=%2Fwp%2Fv2%2Fcomments&post=5109"}],"version-history":[{"count":26,"href":"https:\/\/findyourmagic.se\/index.php?rest_route=\/wp\/v2\/pages\/5109\/revisions"}],"predecessor-version":[{"id":6023,"href":"https:\/\/findyourmagic.se\/index.php?rest_route=\/wp\/v2\/pages\/5109\/revisions\/6023"}],"wp:attachment":[{"href":"https:\/\/findyourmagic.se\/index.php?rest_route=%2Fwp%2Fv2%2Fmedia&parent=5109"}],"curies":[{"name":"wp","href":"https:\/\/api.w.org\/{rel}","templated":true}]}}